{"id":75080,"date":"2024-05-03T00:54:33","date_gmt":"2024-05-02T21:54:33","guid":{"rendered":"https:\/\/bkmlojistik.com.tr\/?page_id=75080"},"modified":"2024-05-06T02:39:15","modified_gmt":"2024-05-05T23:39:15","slug":"misyon-ve-vizyon","status":"publish","type":"page","link":"https:\/\/bkmlojistik.com.tr\/en\/misyon-ve-vizyon\/","title":{"rendered":"Mission and Vision"},"content":{"rendered":"<div class=\"wpb-content-wrapper\"><div class=\"vc_row wpb_row vc_row-fluid\"><div class=\"wpb_column vc_column_container vc_col-sm-6\"><div class=\"vc_column-inner\"><div class=\"wpb_wrapper\">\n\t<div  class=\"wpb_single_image wpb_content_element vc_align_left\">\n\t\t\n\t\t<figure class=\"wpb_wrapper vc_figure\">\n\t\t\t<div class=\"vc_single_image-wrapper   vc_box_border_grey\"><img decoding=\"async\" class=\"vc_single_image-img\" src=\"https:\/\/bkmlojistik.com.tr\/wp-content\/uploads\/2024\/05\/misyon-vizyon-555x320.jpg\" width=\"555\" height=\"320\" alt=\"misyon-vizyon\" title=\"misyon-vizyon\" loading=\"lazy\" \/><\/div>\n\t\t<\/figure>\n\t<\/div>\n<\/div><\/div><\/div><div class=\"wpb_column vc_column_container vc_col-sm-6\"><div class=\"vc_column-inner\"><div class=\"wpb_wrapper\"><div class=\"vc_custom_heading style3 vc_custom_1714944240312\" ><h2 style=\"font-size: 24px;color: #111111;text-align: left\" >MISSION AND VISION<\/h2><\/div>\n\t<div class=\"wpb_text_column wpb_content_element  gray\" >\n\t\t<div class=\"wpb_wrapper\">\n\t\t\t<p>To create added value for its customers by providing innovative logistics services in the geography it serves. To ensure the success of its customers, to offer solutions to increase trade. To ensure that our services are more efficient by ensuring continuous employee satisfaction. To be an honest, reliable, responsible, competitive organisation that has determined its goals and objectives in accordance with the information and technological developments of the age.<\/p>\n\n\t\t<\/div>\n\t<\/div>\n<\/div><\/div><\/div><\/div><div class=\"vc_row wpb_row vc_row-fluid\"><div class=\"wpb_column vc_column_container vc_col-sm-12\"><div class=\"vc_column-inner\"><div class=\"wpb_wrapper\"><\/div><\/div><\/div><\/div>\n<\/div>","protected":false},"excerpt":{"rendered":"M\u0130SYON VE V\u0130ZYON Hizmet sa\u011flad\u0131\u011f\u0131 co\u011frafyada yenilik\u00e7i lojistik hizmetler sunarak, m\u00fc\u015fterilerine katma de\u011fer olu\u015fturmak. M\u00fc\u015fterisinin ba\u015far\u0131s\u0131n\u0131 sa\u011flamak, ticaretini artt\u0131racak \u00e7\u00f6z\u00fcmler [...]","protected":false},"author":1,"featured_media":0,"parent":0,"menu_order":0,"comment_status":"closed","ping_status":"closed","template":"","meta":{"footnotes":""},"class_list":["post-75080","page","type-page","status-publish","hentry"],"yoast_head":"<!-- This site is optimized with the Yoast SEO plugin v26.9 - https:\/\/yoast.com\/product\/yoast-seo-wordpress\/ -->\n<title>Misyon ve Vizyon - BKM Lojistik<\/title>\n<meta name=\"robots\" content=\"index, follow, max-snippet:-1, max-image-preview:large, max-video-preview:-1\" \/>\n<link rel=\"canonical\" href=\"https:\/\/bkmlojistik.com.tr\/en\/misyon-ve-vizyon\/\" \/>\n<meta property=\"og:locale\" content=\"en_GB\" \/>\n<meta property=\"og:type\" content=\"article\" \/>\n<meta property=\"og:title\" content=\"Misyon ve Vizyon - BKM Lojistik\" \/>\n<meta property=\"og:url\" content=\"https:\/\/bkmlojistik.com.tr\/en\/misyon-ve-vizyon\/\" \/>\n<meta property=\"og:site_name\" content=\"BKM Lojistik\" \/>\n<meta property=\"article:modified_time\" content=\"2024-05-05T23:39:15+00:00\" \/>\n<meta name=\"twitter:card\" content=\"summary_large_image\" \/>\n<meta name=\"twitter:label1\" content=\"Estimated reading time\" \/>\n\t<meta name=\"twitter:data1\" content=\"2 minutes\" \/>\n<script type=\"application\/ld+json\" class=\"yoast-schema-graph\">{\"@context\":\"https:\/\/schema.org\",\"@graph\":[{\"@type\":\"WebPage\",\"@id\":\"https:\/\/bkmlojistik.com.tr\/misyon-ve-vizyon\/\",\"url\":\"https:\/\/bkmlojistik.com.tr\/misyon-ve-vizyon\/\",\"name\":\"Misyon ve Vizyon - BKM Lojistik\",\"isPartOf\":{\"@id\":\"https:\/\/bkmlojistik.com.tr\/#website\"},\"datePublished\":\"2024-05-02T21:54:33+00:00\",\"dateModified\":\"2024-05-05T23:39:15+00:00\",\"breadcrumb\":{\"@id\":\"https:\/\/bkmlojistik.com.tr\/misyon-ve-vizyon\/#breadcrumb\"},\"inLanguage\":\"en-GB\",\"potentialAction\":[{\"@type\":\"ReadAction\",\"target\":[\"https:\/\/bkmlojistik.com.tr\/misyon-ve-vizyon\/\"]}]},{\"@type\":\"BreadcrumbList\",\"@id\":\"https:\/\/bkmlojistik.com.tr\/misyon-ve-vizyon\/#breadcrumb\",\"itemListElement\":[{\"@type\":\"ListItem\",\"position\":1,\"name\":\"Anasayfa\",\"item\":\"https:\/\/bkmlojistik.com.tr\/\"},{\"@type\":\"ListItem\",\"position\":2,\"name\":\"Misyon ve Vizyon\"}]},{\"@type\":\"WebSite\",\"@id\":\"https:\/\/bkmlojistik.com.tr\/#website\",\"url\":\"https:\/\/bkmlojistik.com.tr\/\",\"name\":\"BKM Lojistik\",\"description\":\"\",\"potentialAction\":[{\"@type\":\"SearchAction\",\"target\":{\"@type\":\"EntryPoint\",\"urlTemplate\":\"https:\/\/bkmlojistik.com.tr\/?s={search_term_string}\"},\"query-input\":{\"@type\":\"PropertyValueSpecification\",\"valueRequired\":true,\"valueName\":\"search_term_string\"}}],\"inLanguage\":\"en-GB\"}]}<\/script>\n<!-- \/ Yoast SEO plugin. -->","yoast_head_json":{"title":"Misyon ve Vizyon - BKM Lojistik","robots":{"index":"index","follow":"follow","max-snippet":"max-snippet:-1","max-image-preview":"max-image-preview:large","max-video-preview":"max-video-preview:-1"},"canonical":"https:\/\/bkmlojistik.com.tr\/en\/misyon-ve-vizyon\/","og_locale":"en_GB","og_type":"article","og_title":"Misyon ve Vizyon - BKM Lojistik","og_url":"https:\/\/bkmlojistik.com.tr\/en\/misyon-ve-vizyon\/","og_site_name":"BKM Lojistik","article_modified_time":"2024-05-05T23:39:15+00:00","twitter_card":"summary_large_image","twitter_misc":{"Estimated reading time":"2 minutes"},"schema":{"@context":"https:\/\/schema.org","@graph":[{"@type":"WebPage","@id":"https:\/\/bkmlojistik.com.tr\/misyon-ve-vizyon\/","url":"https:\/\/bkmlojistik.com.tr\/misyon-ve-vizyon\/","name":"Misyon ve Vizyon - BKM Lojistik","isPartOf":{"@id":"https:\/\/bkmlojistik.com.tr\/#website"},"datePublished":"2024-05-02T21:54:33+00:00","dateModified":"2024-05-05T23:39:15+00:00","breadcrumb":{"@id":"https:\/\/bkmlojistik.com.tr\/misyon-ve-vizyon\/#breadcrumb"},"inLanguage":"en-GB","potentialAction":[{"@type":"ReadAction","target":["https:\/\/bkmlojistik.com.tr\/misyon-ve-vizyon\/"]}]},{"@type":"BreadcrumbList","@id":"https:\/\/bkmlojistik.com.tr\/misyon-ve-vizyon\/#breadcrumb","itemListElement":[{"@type":"ListItem","position":1,"name":"Anasayfa","item":"https:\/\/bkmlojistik.com.tr\/"},{"@type":"ListItem","position":2,"name":"Misyon ve Vizyon"}]},{"@type":"WebSite","@id":"https:\/\/bkmlojistik.com.tr\/#website","url":"https:\/\/bkmlojistik.com.tr\/","name":"BKM Logistics","description":"","potentialAction":[{"@type":"SearchAction","target":{"@type":"EntryPoint","urlTemplate":"https:\/\/bkmlojistik.com.tr\/?s={search_term_string}"},"query-input":{"@type":"PropertyValueSpecification","valueRequired":true,"valueName":"search_term_string"}}],"inLanguage":"en-GB"}]}},"_links":{"self":[{"href":"https:\/\/bkmlojistik.com.tr\/en\/wp-json\/wp\/v2\/pages\/75080","targetHints":{"allow":["GET"]}}],"collection":[{"href":"https:\/\/bkmlojistik.com.tr\/en\/wp-json\/wp\/v2\/pages"}],"about":[{"href":"https:\/\/bkmlojistik.com.tr\/en\/wp-json\/wp\/v2\/types\/page"}],"author":[{"embeddable":true,"href":"https:\/\/bkmlojistik.com.tr\/en\/wp-json\/wp\/v2\/users\/1"}],"replies":[{"embeddable":true,"href":"https:\/\/bkmlojistik.com.tr\/en\/wp-json\/wp\/v2\/comments?post=75080"}],"version-history":[{"count":4,"href":"https:\/\/bkmlojistik.com.tr\/en\/wp-json\/wp\/v2\/pages\/75080\/revisions"}],"predecessor-version":[{"id":75095,"href":"https:\/\/bkmlojistik.com.tr\/en\/wp-json\/wp\/v2\/pages\/75080\/revisions\/75095"}],"wp:attachment":[{"href":"https:\/\/bkmlojistik.com.tr\/en\/wp-json\/wp\/v2\/media?parent=75080"}],"curies":[{"name":"wp","href":"https:\/\/api.w.org\/{rel}","templated":true}]}}