{"id":75160,"date":"2024-05-09T21:19:52","date_gmt":"2024-05-09T18:19:52","guid":{"rendered":"https:\/\/bkmlojistik.com.tr\/?page_id=75160"},"modified":"2024-05-20T17:40:03","modified_gmt":"2024-05-20T14:40:03","slug":"multimodal-ve-intermodal-tasimacilik","status":"publish","type":"page","link":"https:\/\/bkmlojistik.com.tr\/en\/hizmetlerimiz\/multimodal-ve-intermodal-tasimacilik\/","title":{"rendered":"Multimodal and Intermodal"},"content":{"rendered":"<div class=\"wpb-content-wrapper\"><div class=\"vc_row wpb_row vc_row-fluid\"><div class=\"wpb_column vc_column_container vc_col-sm-12\"><div class=\"vc_column-inner\"><div class=\"wpb_wrapper\"><div class=\"vc_row wpb_row vc_inner vc_row-fluid\"><div class=\"wpb_column vc_column_container vc_col-sm-12\"><div class=\"vc_column-inner\"><div class=\"wpb_wrapper\"><div class=\"wpb_images_carousel wpb_content_element vc_clearfix\"><div class=\"wpb_wrapper\"><div id=\"vc_images-carousel-1-1776596175\" data-ride=\"vc_carousel\" data-wrap=\"false\" style=\"width: 870px;\" data-interval=\"0\" data-auto-height=\"yes\" data-mode=\"horizontal\" data-partial=\"false\" data-per-view=\"1\" data-hide-on-end=\"true\" class=\"vc_slide vc_images_carousel\"><ol class=\"vc_carousel-indicators\"><li data-target=\"#vc_images-carousel-1-1776596175\" data-slide-to=\"0\"><\/li><li data-target=\"#vc_images-carousel-1-1776596175\" data-slide-to=\"1\"><\/li><li data-target=\"#vc_images-carousel-1-1776596175\" data-slide-to=\"2\"><\/li><\/ol><div class=\"vc_carousel-inner\"><div class=\"vc_carousel-slideline\"><div class=\"vc_carousel-slideline-inner\"><div class=\"vc_item\"><div class=\"vc_inner\"><img decoding=\"async\" class=\"\" src=\"https:\/\/bkmlojistik.com.tr\/wp-content\/uploads\/2024\/05\/bkm-multimodal-tasimaciligi-1-bkm-870x480.jpg\" width=\"870\" height=\"480\" alt=\"bkm-multimodal-tasimaciligi-1-bkm\" title=\"bkm-multimodal-tasimaciligi-1-bkm\" loading=\"lazy\" \/><\/div><\/div><div class=\"vc_item\"><div class=\"vc_inner\"><img decoding=\"async\" class=\"\" src=\"https:\/\/bkmlojistik.com.tr\/wp-content\/uploads\/2024\/05\/multimodal-tasimaciligi-1-870x480.jpg\" width=\"870\" height=\"480\" alt=\"multimodal-tasimaciligi-1\" title=\"multimodal-tasimaciligi-1\" loading=\"lazy\" \/><\/div><\/div><div class=\"vc_item\"><div class=\"vc_inner\"><img decoding=\"async\" class=\"\" src=\"https:\/\/bkmlojistik.com.tr\/wp-content\/uploads\/2024\/05\/multimodal-tasimaciligi-2-870x480.jpg\" width=\"870\" height=\"480\" alt=\"multimodal-tasimaciligi-2\" title=\"multimodal-tasimaciligi-2\" loading=\"lazy\" \/><\/div><\/div><\/div><\/div><\/div><\/div><\/div><\/div><div class=\"vc_custom_heading style3 vc_custom_1715290335458\" ><h2 style=\"color: #111111;text-align: left\" >What is Multimodal Transport?<\/h2><\/div>\n\t<div class=\"wpb_text_column wpb_content_element  gray\" >\n\t\t<div class=\"wpb_wrapper\">\n\t\t\t<p class=\"&quot;MsoNormal&quot;\">Multimodal transport is the method of transporting cargoes suitable for transshipment \/ handling by transferring them in different or the same transport containers at certain transfer points.<\/p>\n\n\t\t<\/div>\n\t<\/div>\n<\/div><\/div><\/div><\/div><div class=\"vc_row wpb_row vc_inner vc_row-fluid\"><div class=\"wpb_column vc_column_container vc_col-sm-6\"><div class=\"vc_column-inner\"><div class=\"wpb_wrapper\"><div class=\"vc_custom_heading style3 vc_custom_1715290369782\" ><h2 style=\"color: #111111;text-align: left\" >What is Intermodal Transport?<\/h2><\/div>\n\t<div class=\"wpb_text_column wpb_content_element  gray\" >\n\t\t<div class=\"wpb_wrapper\">\n\t\t\t<p class=\"&quot;MsoNormal&quot;\">Intermodal transport is a method in which the modes of transport are changed without any transaction on the cargo and the cargo is transported by more than one transport model during the delivery of the cargo from the seller to the buyer. In this method, special transport containers are used to transfer the products from one transport model to another without the need for repackaging.<\/p>\n<p class=\"&quot;MsoNormal&quot;\">BKM Logistics provides services with both transport methods. In line with the needs of our customers, we deliver their products to the destination point with optional transport services in the fastest and most affordable way.<\/p>\n<p class=\"&quot;MsoNormal&quot;\">BKM Logistics has adopted the principle of using all kinds of transport arguments in the most efficient way.<\/p>\n\n\t\t<\/div>\n\t<\/div>\n<\/div><\/div><\/div><div class=\"wpb_column vc_column_container vc_col-sm-6\"><div class=\"vc_column-inner\"><div class=\"wpb_wrapper\">\n\t<div  class=\"wpb_single_image wpb_content_element vc_align_left\">\n\t\t\n\t\t<figure class=\"wpb_wrapper vc_figure\">\n\t\t\t<div class=\"vc_single_image-wrapper   vc_box_border_grey\"><img decoding=\"async\" class=\"vc_single_image-img\" src=\"https:\/\/bkmlojistik.com.tr\/wp-content\/uploads\/2024\/05\/multimodal-tasimaciligi-3-408x300.jpg\" width=\"408\" height=\"300\" alt=\"multimodal-tasimaciligi-3\" title=\"multimodal-tasimaciligi-3\" loading=\"lazy\" \/><\/div>\n\t\t<\/figure>\n\t<\/div>\n<\/div><\/div><\/div><\/div><\/div><\/div><\/div><\/div>\n<\/div>","protected":false},"excerpt":{"rendered":"Multimodal Ta\u015f\u0131mac\u0131l\u0131k nedir ? Multimodal ta\u015f\u0131mac\u0131l\u0131k, aktar\u0131lmaya\/elle\u00e7lemeye uygun y\u00fcklerin farkl\u0131 veya ayn\u0131 ta\u015f\u0131ma kaplar\u0131 ile belli aktarma noktalar\u0131nda aktar\u0131lmas\u0131 suretiyle [...]","protected":false},"author":1,"featured_media":75365,"parent":75114,"menu_order":0,"comment_status":"closed","ping_status":"closed","template":"","meta":{"footnotes":""},"class_list":["post-75160","page","type-page","status-publish","has-post-thumbnail","hentry"],"yoast_head":"<!-- This site is optimized with the Yoast SEO plugin v26.9 - https:\/\/yoast.com\/product\/yoast-seo-wordpress\/ -->\n<title>Multimodal ve Intermodal - BKM Lojistik<\/title>\n<meta name=\"robots\" content=\"index, follow, max-snippet:-1, max-image-preview:large, max-video-preview:-1\" \/>\n<link rel=\"canonical\" href=\"https:\/\/bkmlojistik.com.tr\/en\/hizmetlerimiz\/multimodal-ve-intermodal-tasimacilik\/\" \/>\n<meta property=\"og:locale\" content=\"en_GB\" \/>\n<meta property=\"og:type\" content=\"article\" \/>\n<meta property=\"og:title\" content=\"Multimodal ve Intermodal - BKM Lojistik\" \/>\n<meta property=\"og:url\" content=\"https:\/\/bkmlojistik.com.tr\/en\/hizmetlerimiz\/multimodal-ve-intermodal-tasimacilik\/\" \/>\n<meta property=\"og:site_name\" content=\"BKM Lojistik\" \/>\n<meta property=\"article:modified_time\" content=\"2024-05-20T14:40:03+00:00\" \/>\n<meta property=\"og:image\" content=\"https:\/\/bkmlojistik.com.tr\/wp-content\/uploads\/2024\/05\/bkm-multimodal-tasimaciligi-1-bkm.jpg\" \/>\n\t<meta property=\"og:image:width\" content=\"1280\" \/>\n\t<meta property=\"og:image:height\" content=\"853\" \/>\n\t<meta property=\"og:image:type\" content=\"image\/jpeg\" \/>\n<meta name=\"twitter:card\" content=\"summary_large_image\" \/>\n<meta name=\"twitter:label1\" content=\"Estimated reading time\" \/>\n\t<meta name=\"twitter:data1\" content=\"1 minute\" \/>\n<script type=\"application\/ld+json\" class=\"yoast-schema-graph\">{\"@context\":\"https:\/\/schema.org\",\"@graph\":[{\"@type\":\"WebPage\",\"@id\":\"https:\/\/bkmlojistik.com.tr\/hizmetlerimiz\/multimodal-ve-intermodal-tasimacilik\/\",\"url\":\"https:\/\/bkmlojistik.com.tr\/hizmetlerimiz\/multimodal-ve-intermodal-tasimacilik\/\",\"name\":\"Multimodal ve Intermodal - BKM Lojistik\",\"isPartOf\":{\"@id\":\"https:\/\/bkmlojistik.com.tr\/#website\"},\"primaryImageOfPage\":{\"@id\":\"https:\/\/bkmlojistik.com.tr\/hizmetlerimiz\/multimodal-ve-intermodal-tasimacilik\/#primaryimage\"},\"image\":{\"@id\":\"https:\/\/bkmlojistik.com.tr\/hizmetlerimiz\/multimodal-ve-intermodal-tasimacilik\/#primaryimage\"},\"thumbnailUrl\":\"https:\/\/bkmlojistik.com.tr\/wp-content\/uploads\/2024\/05\/bkm-multimodal-tasimaciligi-1-bkm.jpg\",\"datePublished\":\"2024-05-09T18:19:52+00:00\",\"dateModified\":\"2024-05-20T14:40:03+00:00\",\"breadcrumb\":{\"@id\":\"https:\/\/bkmlojistik.com.tr\/hizmetlerimiz\/multimodal-ve-intermodal-tasimacilik\/#breadcrumb\"},\"inLanguage\":\"en-GB\",\"potentialAction\":[{\"@type\":\"ReadAction\",\"target\":[\"https:\/\/bkmlojistik.com.tr\/hizmetlerimiz\/multimodal-ve-intermodal-tasimacilik\/\"]}]},{\"@type\":\"ImageObject\",\"inLanguage\":\"en-GB\",\"@id\":\"https:\/\/bkmlojistik.com.tr\/hizmetlerimiz\/multimodal-ve-intermodal-tasimacilik\/#primaryimage\",\"url\":\"https:\/\/bkmlojistik.com.tr\/wp-content\/uploads\/2024\/05\/bkm-multimodal-tasimaciligi-1-bkm.jpg\",\"contentUrl\":\"https:\/\/bkmlojistik.com.tr\/wp-content\/uploads\/2024\/05\/bkm-multimodal-tasimaciligi-1-bkm.jpg\",\"width\":1280,\"height\":853},{\"@type\":\"BreadcrumbList\",\"@id\":\"https:\/\/bkmlojistik.com.tr\/hizmetlerimiz\/multimodal-ve-intermodal-tasimacilik\/#breadcrumb\",\"itemListElement\":[{\"@type\":\"ListItem\",\"position\":1,\"name\":\"Anasayfa\",\"item\":\"https:\/\/bkmlojistik.com.tr\/\"},{\"@type\":\"ListItem\",\"position\":2,\"name\":\"Hizmetlerimiz\",\"item\":\"https:\/\/bkmlojistik.com.tr\/hizmetlerimiz\/\"},{\"@type\":\"ListItem\",\"position\":3,\"name\":\"Multimodal ve Intermodal\"}]},{\"@type\":\"WebSite\",\"@id\":\"https:\/\/bkmlojistik.com.tr\/#website\",\"url\":\"https:\/\/bkmlojistik.com.tr\/\",\"name\":\"BKM Lojistik\",\"description\":\"\",\"potentialAction\":[{\"@type\":\"SearchAction\",\"target\":{\"@type\":\"EntryPoint\",\"urlTemplate\":\"https:\/\/bkmlojistik.com.tr\/?s={search_term_string}\"},\"query-input\":{\"@type\":\"PropertyValueSpecification\",\"valueRequired\":true,\"valueName\":\"search_term_string\"}}],\"inLanguage\":\"en-GB\"}]}<\/script>\n<!-- \/ Yoast SEO plugin. -->","yoast_head_json":{"title":"Multimodal ve Intermodal - BKM Lojistik","robots":{"index":"index","follow":"follow","max-snippet":"max-snippet:-1","max-image-preview":"max-image-preview:large","max-video-preview":"max-video-preview:-1"},"canonical":"https:\/\/bkmlojistik.com.tr\/en\/hizmetlerimiz\/multimodal-ve-intermodal-tasimacilik\/","og_locale":"en_GB","og_type":"article","og_title":"Multimodal ve Intermodal - BKM Lojistik","og_url":"https:\/\/bkmlojistik.com.tr\/en\/hizmetlerimiz\/multimodal-ve-intermodal-tasimacilik\/","og_site_name":"BKM Lojistik","article_modified_time":"2024-05-20T14:40:03+00:00","og_image":[{"width":1280,"height":853,"url":"https:\/\/bkmlojistik.com.tr\/wp-content\/uploads\/2024\/05\/bkm-multimodal-tasimaciligi-1-bkm.jpg","type":"image\/jpeg"}],"twitter_card":"summary_large_image","twitter_misc":{"Estimated reading time":"1 minute"},"schema":{"@context":"https:\/\/schema.org","@graph":[{"@type":"WebPage","@id":"https:\/\/bkmlojistik.com.tr\/hizmetlerimiz\/multimodal-ve-intermodal-tasimacilik\/","url":"https:\/\/bkmlojistik.com.tr\/hizmetlerimiz\/multimodal-ve-intermodal-tasimacilik\/","name":"Multimodal ve Intermodal - BKM Lojistik","isPartOf":{"@id":"https:\/\/bkmlojistik.com.tr\/#website"},"primaryImageOfPage":{"@id":"https:\/\/bkmlojistik.com.tr\/hizmetlerimiz\/multimodal-ve-intermodal-tasimacilik\/#primaryimage"},"image":{"@id":"https:\/\/bkmlojistik.com.tr\/hizmetlerimiz\/multimodal-ve-intermodal-tasimacilik\/#primaryimage"},"thumbnailUrl":"https:\/\/bkmlojistik.com.tr\/wp-content\/uploads\/2024\/05\/bkm-multimodal-tasimaciligi-1-bkm.jpg","datePublished":"2024-05-09T18:19:52+00:00","dateModified":"2024-05-20T14:40:03+00:00","breadcrumb":{"@id":"https:\/\/bkmlojistik.com.tr\/hizmetlerimiz\/multimodal-ve-intermodal-tasimacilik\/#breadcrumb"},"inLanguage":"en-GB","potentialAction":[{"@type":"ReadAction","target":["https:\/\/bkmlojistik.com.tr\/hizmetlerimiz\/multimodal-ve-intermodal-tasimacilik\/"]}]},{"@type":"ImageObject","inLanguage":"en-GB","@id":"https:\/\/bkmlojistik.com.tr\/hizmetlerimiz\/multimodal-ve-intermodal-tasimacilik\/#primaryimage","url":"https:\/\/bkmlojistik.com.tr\/wp-content\/uploads\/2024\/05\/bkm-multimodal-tasimaciligi-1-bkm.jpg","contentUrl":"https:\/\/bkmlojistik.com.tr\/wp-content\/uploads\/2024\/05\/bkm-multimodal-tasimaciligi-1-bkm.jpg","width":1280,"height":853},{"@type":"BreadcrumbList","@id":"https:\/\/bkmlojistik.com.tr\/hizmetlerimiz\/multimodal-ve-intermodal-tasimacilik\/#breadcrumb","itemListElement":[{"@type":"ListItem","position":1,"name":"Anasayfa","item":"https:\/\/bkmlojistik.com.tr\/"},{"@type":"ListItem","position":2,"name":"Hizmetlerimiz","item":"https:\/\/bkmlojistik.com.tr\/hizmetlerimiz\/"},{"@type":"ListItem","position":3,"name":"Multimodal ve Intermodal"}]},{"@type":"WebSite","@id":"https:\/\/bkmlojistik.com.tr\/#website","url":"https:\/\/bkmlojistik.com.tr\/","name":"BKM Logistics","description":"","potentialAction":[{"@type":"SearchAction","target":{"@type":"EntryPoint","urlTemplate":"https:\/\/bkmlojistik.com.tr\/?s={search_term_string}"},"query-input":{"@type":"PropertyValueSpecification","valueRequired":true,"valueName":"search_term_string"}}],"inLanguage":"en-GB"}]}},"_links":{"self":[{"href":"https:\/\/bkmlojistik.com.tr\/en\/wp-json\/wp\/v2\/pages\/75160","targetHints":{"allow":["GET"]}}],"collection":[{"href":"https:\/\/bkmlojistik.com.tr\/en\/wp-json\/wp\/v2\/pages"}],"about":[{"href":"https:\/\/bkmlojistik.com.tr\/en\/wp-json\/wp\/v2\/types\/page"}],"author":[{"embeddable":true,"href":"https:\/\/bkmlojistik.com.tr\/en\/wp-json\/wp\/v2\/users\/1"}],"replies":[{"embeddable":true,"href":"https:\/\/bkmlojistik.com.tr\/en\/wp-json\/wp\/v2\/comments?post=75160"}],"version-history":[{"count":4,"href":"https:\/\/bkmlojistik.com.tr\/en\/wp-json\/wp\/v2\/pages\/75160\/revisions"}],"predecessor-version":[{"id":75366,"href":"https:\/\/bkmlojistik.com.tr\/en\/wp-json\/wp\/v2\/pages\/75160\/revisions\/75366"}],"up":[{"embeddable":true,"href":"https:\/\/bkmlojistik.com.tr\/en\/wp-json\/wp\/v2\/pages\/75114"}],"wp:featuredmedia":[{"embeddable":true,"href":"https:\/\/bkmlojistik.com.tr\/en\/wp-json\/wp\/v2\/media\/75365"}],"wp:attachment":[{"href":"https:\/\/bkmlojistik.com.tr\/en\/wp-json\/wp\/v2\/media?parent=75160"}],"curies":[{"name":"wp","href":"https:\/\/api.w.org\/{rel}","templated":true}]}}